{"id":4816,"date":"2024-11-11T14:58:20","date_gmt":"2024-11-11T13:58:20","guid":{"rendered":"https:\/\/www.mb-putni-portal.com\/?page_id=4816"},"modified":"2025-07-24T16:26:53","modified_gmt":"2025-07-24T14:26:53","slug":"about-me","status":"publish","type":"page","link":"https:\/\/www.mb-putni-portal.com\/en\/about-me\/","title":{"rendered":"About me"},"content":{"rendered":"<p><div class=\"fusion-fullwidth fullwidth-box fusion-builder-row-1 fusion-flex-container has-pattern-background has-mask-background nonhundred-percent-fullwidth non-hundred-percent-height-scrolling\" style=\"--awb-border-radius-top-left:0px;--awb-border-radius-top-right:0px;--awb-border-radius-bottom-right:0px;--awb-border-radius-bottom-left:0px;--awb-margin-top:20px;--awb-flex-wrap:wrap;\" ><div class=\"fusion-builder-row fusion-row fusion-flex-align-items-flex-start fusion-flex-content-wrap\" style=\"max-width:1414.4px;margin-left: calc(-4% \/ 2 );margin-right: calc(-4% \/ 2 );\"><div class=\"fusion-layout-column fusion_builder_column fusion-builder-column-0 fusion_builder_column_2_3 2_3 fusion-flex-column\" style=\"--awb-bg-color:rgba(0,163,153,0.09);--awb-bg-color-hover:rgba(0,163,153,0.09);--awb-bg-size:cover;--awb-width-large:66.666666666667%;--awb-margin-top-large:0px;--awb-spacing-right-large:2.88%;--awb-margin-bottom-large:20px;--awb-spacing-left-large:2.88%;--awb-width-medium:66.666666666667%;--awb-order-medium:0;--awb-spacing-right-medium:2.88%;--awb-spacing-left-medium:2.88%;--awb-width-small:100%;--awb-order-small:0;--awb-spacing-right-small:1.92%;--awb-spacing-left-small:1.92%;\" data-scroll-devices=\"small-visibility,medium-visibility,large-visibility\"><div class=\"fusion-column-wrapper fusion-column-has-shadow fusion-flex-justify-content-flex-start fusion-content-layout-column\"><div class=\"fusion-title title fusion-title-1 fusion-sep-none fusion-title-text fusion-title-size-one\" style=\"--awb-margin-left:15px;--awb-margin-top-small:10px;--awb-margin-right-small:0px;--awb-margin-bottom-small:10px;--awb-margin-left-small:0px;--awb-font-size:2.5em;\"><h1 class=\"fusion-title-heading title-heading-left\" style=\"margin:0;text-transform:none;font-size:1em;\">About me and my values<\/h1><\/div><div class=\"fusion-text fusion-text-1 fusion-text-no-margin\" style=\"--awb-text-transform:none;--awb-text-color:var(--awb-color8);--awb-margin-right:15px;--awb-margin-bottom:30px;--awb-margin-left:15px;\"><p>As-salamu alaykum wa rahmatullahi wa barakatuhu. My name is Mirsad Biber. I was born in 1980 in Nuremberg, Germany, and I\u2019m pleased to share my story with you through this platform. Having personally experienced the profound journeys of Umrah and Hajj, I understand firsthand how meaningful these pilgrimages are for every believer. They are not merely religious rites, but journeys of the heart that deepen faith and nourish the soul. Growing up in Germany, I have always appreciated the importance of community and mutual support. These values are especially significant to me when it comes to assisting others on their spiritual and cultural journeys. The memories of my own pilgrimages remain unforgettable \u2013 moments of meditation, prayer, and connection with fellow believers have greatly enriched my life.<\/p>\n<\/div><\/div><\/div><div class=\"fusion-layout-column fusion_builder_column fusion-builder-column-1 fusion_builder_column_1_3 1_3 fusion-flex-column fusion-flex-align-self-center\" style=\"--awb-bg-color:rgba(0,163,153,0.09);--awb-bg-color-hover:rgba(0,163,153,0.09);--awb-bg-size:cover;--awb-width-large:33.333333333333%;--awb-margin-top-large:0px;--awb-spacing-right-large:5.76%;--awb-margin-bottom-large:0px;--awb-spacing-left-large:5.76%;--awb-width-medium:33.333333333333%;--awb-order-medium:0;--awb-spacing-right-medium:5.76%;--awb-spacing-left-medium:5.76%;--awb-width-small:100%;--awb-order-small:0;--awb-spacing-right-small:1.92%;--awb-spacing-left-small:1.92%;\" data-scroll-devices=\"small-visibility,medium-visibility,large-visibility\"><div class=\"fusion-column-wrapper fusion-column-has-shadow fusion-flex-justify-content-flex-start fusion-content-layout-column\"><div class=\"fusion-image-element \" style=\"--awb-aspect-ratio:4 \/ 3;--awb-caption-title-font-family:var(--h2_typography-font-family);--awb-caption-title-font-weight:var(--h2_typography-font-weight);--awb-caption-title-font-style:var(--h2_typography-font-style);--awb-caption-title-size:var(--h2_typography-font-size);--awb-caption-title-transform:var(--h2_typography-text-transform);--awb-caption-title-line-height:var(--h2_typography-line-height);--awb-caption-title-letter-spacing:var(--h2_typography-letter-spacing);\"><span class=\" fusion-imageframe imageframe-none imageframe-1 hover-type-none has-aspect-ratio\"><img decoding=\"async\" width=\"800\" height=\"640\" alt=\"Photo by Mirsad Biber\" title=\"Mirsad\" src=\"https:\/\/www.mb-putni-portal.com\/wp-content\/uploads\/2024\/10\/1572208098291-e1731850427791.jpeg\" data-orig-src=\"https:\/\/www.mb-putni-portal.com\/wp-content\/uploads\/2024\/10\/1572208098291-e1731850427791.jpeg\" class=\"lazyload img-responsive wp-image-2112 img-with-aspect-ratio\" data-parent-fit=\"cover\" data-parent-container=\".fusion-image-element\" srcset=\"data:image\/svg+xml,%3Csvg%20xmlns%3D%27http%3A%2F%2Fwww.w3.org%2F2000%2Fsvg%27%20width%3D%27800%27%20height%3D%27640%27%20viewBox%3D%270%200%20800%20640%27%3E%3Crect%20width%3D%27800%27%20height%3D%27640%27%20fill-opacity%3D%220%22%2F%3E%3C%2Fsvg%3E\" data-srcset=\"https:\/\/www.mb-putni-portal.com\/wp-content\/uploads\/2024\/10\/1572208098291-e1731850427791-200x160.jpeg 200w, https:\/\/www.mb-putni-portal.com\/wp-content\/uploads\/2024\/10\/1572208098291-e1731850427791-400x320.jpeg 400w, https:\/\/www.mb-putni-portal.com\/wp-content\/uploads\/2024\/10\/1572208098291-e1731850427791-600x480.jpeg 600w, https:\/\/www.mb-putni-portal.com\/wp-content\/uploads\/2024\/10\/1572208098291-e1731850427791.jpeg 800w\" data-sizes=\"auto\" data-orig-sizes=\"(max-width: 800px) 100vw, 600px\" \/><\/span><\/div><\/div><\/div><div class=\"fusion-layout-column fusion_builder_column fusion-builder-column-2 fusion_builder_column_1_3 1_3 fusion-flex-column fusion-flex-align-self-center\" style=\"--awb-padding-bottom:0.9980000000000047px;--awb-bg-size:cover;--awb-width-large:33.333333333333%;--awb-margin-top-large:17px;--awb-spacing-right-large:5.76%;--awb-margin-bottom-large:20px;--awb-spacing-left-large:5.76%;--awb-width-medium:33.333333333333%;--awb-order-medium:0;--awb-spacing-right-medium:5.76%;--awb-spacing-left-medium:5.76%;--awb-width-small:100%;--awb-order-small:0;--awb-spacing-right-small:1.92%;--awb-spacing-left-small:1.92%;\" data-scroll-devices=\"small-visibility,medium-visibility,large-visibility\"><div class=\"fusion-column-wrapper fusion-column-has-shadow fusion-flex-justify-content-flex-start fusion-content-layout-column\"><div class=\"fusion-image-element \" style=\"--awb-aspect-ratio:3 \/ 2;--awb-caption-title-font-family:var(--h2_typography-font-family);--awb-caption-title-font-weight:var(--h2_typography-font-weight);--awb-caption-title-font-style:var(--h2_typography-font-style);--awb-caption-title-size:var(--h2_typography-font-size);--awb-caption-title-transform:var(--h2_typography-text-transform);--awb-caption-title-line-height:var(--h2_typography-line-height);--awb-caption-title-letter-spacing:var(--h2_typography-letter-spacing);\"><span class=\" fusion-imageframe imageframe-none imageframe-2 hover-type-none has-aspect-ratio\"><img decoding=\"async\" width=\"705\" height=\"525\" alt=\"The graphic shows a laptop from above\" title=\"Platforma za hodo\u010da\u0161\u0107a\" src=\"https:\/\/www.mb-putni-portal.com\/wp-content\/uploads\/2024\/11\/Plattform-e1736868182576.jpg\" data-orig-src=\"https:\/\/www.mb-putni-portal.com\/wp-content\/uploads\/2024\/11\/Plattform-e1736868182576.jpg\" class=\"lazyload img-responsive wp-image-4821 img-with-aspect-ratio\" data-parent-fit=\"cover\" data-parent-container=\".fusion-image-element\" srcset=\"data:image\/svg+xml,%3Csvg%20xmlns%3D%27http%3A%2F%2Fwww.w3.org%2F2000%2Fsvg%27%20width%3D%27705%27%20height%3D%27525%27%20viewBox%3D%270%200%20705%20525%27%3E%3Crect%20width%3D%27705%27%20height%3D%27525%27%20fill-opacity%3D%220%22%2F%3E%3C%2Fsvg%3E\" data-srcset=\"https:\/\/www.mb-putni-portal.com\/wp-content\/uploads\/2024\/11\/Plattform-e1736868182576-200x149.jpg 200w, https:\/\/www.mb-putni-portal.com\/wp-content\/uploads\/2024\/11\/Plattform-e1736868182576-400x298.jpg 400w, https:\/\/www.mb-putni-portal.com\/wp-content\/uploads\/2024\/11\/Plattform-e1736868182576-600x447.jpg 600w, https:\/\/www.mb-putni-portal.com\/wp-content\/uploads\/2024\/11\/Plattform-e1736868182576.jpg 705w\" data-sizes=\"auto\" data-orig-sizes=\"(max-width: 800px) 100vw, 600px\" \/><\/span><\/div><\/div><\/div><div class=\"fusion-layout-column fusion_builder_column fusion-builder-column-3 fusion_builder_column_2_3 2_3 fusion-flex-column\" style=\"--awb-bg-color:rgba(0,163,153,0.09);--awb-bg-color-hover:rgba(0,163,153,0.09);--awb-bg-size:cover;--awb-width-large:66.666666666667%;--awb-margin-top-large:20.9931px;--awb-spacing-right-large:2.88%;--awb-margin-bottom-large:30px;--awb-spacing-left-large:2.88%;--awb-width-medium:66.666666666667%;--awb-order-medium:0;--awb-spacing-right-medium:2.88%;--awb-spacing-left-medium:2.88%;--awb-width-small:100%;--awb-order-small:0;--awb-spacing-right-small:1.92%;--awb-spacing-left-small:1.92%;\" data-scroll-devices=\"small-visibility,medium-visibility,large-visibility\"><div class=\"fusion-column-wrapper fusion-column-has-shadow fusion-flex-justify-content-flex-start fusion-content-layout-column\"><div class=\"fusion-title title fusion-title-2 fusion-sep-none fusion-title-text fusion-title-size-two\" style=\"--awb-margin-left:15px;--awb-margin-top-small:10px;--awb-margin-right-small:0px;--awb-margin-bottom-small:10px;--awb-margin-left-small:0px;--awb-font-size:1.6em;\"><h2 class=\"fusion-title-heading title-heading-left\" style=\"margin:0;text-transform:none;font-size:1em;\">My platform for holy pilgrimages<\/h2><\/div><div class=\"fusion-text fusion-text-2\" style=\"--awb-text-transform:none;--awb-margin-right:15px;--awb-margin-left:15px;\"><p>During my travels, I recognized the importance of a smooth registration process that allows travelers to fully dedicate themselves to their spiritual experience. My goal is to make this process as simple and pleasant as possible. That\u2019s why I launched this platform \u2013 to simplify the registration process for Hajj and Umrah journeys, as well as many other cultural journeys. \ud83c\udf0d The platform is designed to make registering for Hajj and Umrah easier, providing users with the best possible experience. For many travel agencies, this means significantly less administrative burden and much more time to focus on what matters most: providing full care for their clients. Travelers benefit from a seamless flow that allows them to fully concentrate on their spiritual or cultural journey. \u2708\ufe0f<\/p>\n<\/div><\/div><\/div><div class=\"fusion-layout-column fusion_builder_column fusion-builder-column-4 fusion_builder_column_2_3 2_3 fusion-flex-column\" style=\"--awb-bg-color:rgba(0,163,153,0.09);--awb-bg-color-hover:rgba(0,163,153,0.09);--awb-bg-size:cover;--awb-width-large:66.666666666667%;--awb-margin-top-large:20px;--awb-spacing-right-large:2.88%;--awb-margin-bottom-large:20px;--awb-spacing-left-large:2.88%;--awb-width-medium:66.666666666667%;--awb-order-medium:0;--awb-spacing-right-medium:2.88%;--awb-spacing-left-medium:2.88%;--awb-width-small:100%;--awb-order-small:0;--awb-spacing-right-small:1.92%;--awb-spacing-left-small:1.92%;\" data-scroll-devices=\"small-visibility,medium-visibility,large-visibility\"><div class=\"fusion-column-wrapper fusion-column-has-shadow fusion-flex-justify-content-flex-start fusion-content-layout-column\"><div class=\"fusion-title title fusion-title-3 fusion-sep-none fusion-title-text fusion-title-size-two\" style=\"--awb-margin-left:15px;--awb-margin-top-small:10px;--awb-margin-right-small:0px;--awb-margin-bottom-small:10px;--awb-margin-left-small:0px;--awb-font-size:1.6em;\"><h2 class=\"fusion-title-heading title-heading-left\" style=\"margin:0;text-transform:none;font-size:1em;\">My qualifications<\/h2><\/div><div class=\"fusion-text fusion-text-3\" style=\"--awb-text-transform:none;--awb-margin-right:15px;--awb-margin-left:15px;\"><p>With my professional experience as a human resources consultant, combined with completed training and a degree in business economics, I can offer you comprehensive knowledge and skills. \ud83d\udcda Throughout my career, I have gained a deep understanding of clients\u2019 needs and the ability to implement effective solutions. My education and experience enable me to provide high-quality services and support, whether in business consulting or travel organization. \ud83c\udf93 I always strive to stay up to date with the latest trends and practices to offer my clients the best possible service. My passion for continuous learning and professional development ensures that I consistently deliver the most current and efficient solutions. \ud83d\udcbc With respectful greetings, Hajji Mirsad Biber<\/p>\n<\/div><\/div><\/div><div class=\"fusion-layout-column fusion_builder_column fusion-builder-column-5 fusion_builder_column_1_3 1_3 fusion-flex-column fusion-flex-align-self-center\" style=\"--awb-bg-color:rgba(0,163,153,0.09);--awb-bg-color-hover:rgba(0,163,153,0.09);--awb-bg-size:cover;--awb-width-large:33.333333333333%;--awb-margin-top-large:30px;--awb-spacing-right-large:5.76%;--awb-margin-bottom-large:20px;--awb-spacing-left-large:5.76%;--awb-width-medium:33.333333333333%;--awb-order-medium:0;--awb-spacing-right-medium:5.76%;--awb-spacing-left-medium:5.76%;--awb-width-small:100%;--awb-order-small:0;--awb-spacing-right-small:1.92%;--awb-spacing-left-small:1.92%;\" data-scroll-devices=\"small-visibility,medium-visibility,large-visibility\"><div class=\"fusion-column-wrapper fusion-column-has-shadow fusion-flex-justify-content-flex-start fusion-content-layout-column\"><div class=\"fusion-image-element \" style=\"--awb-aspect-ratio:3 \/ 2;--awb-caption-title-font-family:var(--h2_typography-font-family);--awb-caption-title-font-weight:var(--h2_typography-font-weight);--awb-caption-title-font-style:var(--h2_typography-font-style);--awb-caption-title-size:var(--h2_typography-font-size);--awb-caption-title-transform:var(--h2_typography-text-transform);--awb-caption-title-line-height:var(--h2_typography-line-height);--awb-caption-title-letter-spacing:var(--h2_typography-letter-spacing);\"><span class=\" fusion-imageframe imageframe-none imageframe-3 hover-type-none has-aspect-ratio\"><img decoding=\"async\" width=\"697\" height=\"563\" alt=\"The graph shows the certificate\" title=\"Kvalifikacije\" src=\"https:\/\/www.mb-putni-portal.com\/wp-content\/uploads\/2024\/11\/Diplom-e1736868402213.jpg\" data-orig-src=\"https:\/\/www.mb-putni-portal.com\/wp-content\/uploads\/2024\/11\/Diplom-e1736868402213.jpg\" class=\"lazyload img-responsive wp-image-4822 img-with-aspect-ratio\" data-parent-fit=\"cover\" data-parent-container=\".fusion-image-element\" srcset=\"data:image\/svg+xml,%3Csvg%20xmlns%3D%27http%3A%2F%2Fwww.w3.org%2F2000%2Fsvg%27%20width%3D%27697%27%20height%3D%27563%27%20viewBox%3D%270%200%20697%20563%27%3E%3Crect%20width%3D%27697%27%20height%3D%27563%27%20fill-opacity%3D%220%22%2F%3E%3C%2Fsvg%3E\" data-srcset=\"https:\/\/www.mb-putni-portal.com\/wp-content\/uploads\/2024\/11\/Diplom-e1736868402213-200x162.jpg 200w, https:\/\/www.mb-putni-portal.com\/wp-content\/uploads\/2024\/11\/Diplom-e1736868402213-400x323.jpg 400w, https:\/\/www.mb-putni-portal.com\/wp-content\/uploads\/2024\/11\/Diplom-e1736868402213-600x485.jpg 600w, https:\/\/www.mb-putni-portal.com\/wp-content\/uploads\/2024\/11\/Diplom-e1736868402213.jpg 697w\" data-sizes=\"auto\" data-orig-sizes=\"(max-width: 800px) 100vw, 600px\" \/><\/span><\/div><\/div><\/div><\/div><\/div><\/p>\n","protected":false},"excerpt":{"rendered":"","protected":false},"author":3,"featured_media":0,"parent":0,"menu_order":0,"comment_status":"closed","ping_status":"closed","template":"100-width.php","meta":{"_acf_changed":false,"footnotes":""},"class_list":["post-4816","page","type-page","status-publish","hentry"],"acf":[],"_wp_desired_post_slug":null,"uacf7_form_opt":null,"yoast_head":"<!-- This site is optimized with the Yoast SEO plugin v27.4 - https:\/\/yoast.com\/product\/yoast-seo-wordpress\/ -->\n<title>About me - MB Putni Portal<\/title>\n<meta name=\"description\" content=\"Learn more about me, my values and my passion for organizing pilgrimages. Get to know my platform and qualifications for your journey\" \/>\n<meta name=\"robots\" content=\"index, follow, max-snippet:-1, max-image-preview:large, max-video-preview:-1\" \/>\n<link rel=\"canonical\" href=\"https:\/\/www.mb-putni-portal.com\/en\/about-me\/\" \/>\n<meta property=\"og:locale\" content=\"en_US\" \/>\n<meta property=\"og:type\" content=\"article\" \/>\n<meta property=\"og:title\" content=\"About me - MB Putni Portal\" \/>\n<meta property=\"og:description\" content=\"Learn more about me, my values and my passion for organizing pilgrimages. Get to know my platform and qualifications for your journey\" \/>\n<meta property=\"og:url\" content=\"https:\/\/www.mb-putni-portal.com\/en\/about-me\/\" \/>\n<meta property=\"og:site_name\" content=\"MB Putni Portal\" \/>\n<meta property=\"article:modified_time\" content=\"2025-07-24T14:26:53+00:00\" \/>\n<meta name=\"twitter:card\" content=\"summary_large_image\" \/>\n<meta name=\"twitter:label1\" content=\"Est. reading time\" \/>\n\t<meta name=\"twitter:data1\" content=\"3 minutes\" \/>\n<script type=\"application\/ld+json\" class=\"yoast-schema-graph\">{\"@context\":\"https:\\\/\\\/schema.org\",\"@graph\":[{\"@type\":\"WebPage\",\"@id\":\"https:\\\/\\\/www.mb-putni-portal.com\\\/en\\\/about-me\\\/\",\"url\":\"https:\\\/\\\/www.mb-putni-portal.com\\\/en\\\/about-me\\\/\",\"name\":\"About me - MB Putni Portal\",\"isPartOf\":{\"@id\":\"https:\\\/\\\/www.mb-putni-portal.com\\\/en\\\/#website\"},\"datePublished\":\"2024-11-11T13:58:20+00:00\",\"dateModified\":\"2025-07-24T14:26:53+00:00\",\"description\":\"Learn more about me, my values and my passion for organizing pilgrimages. Get to know my platform and qualifications for your journey\",\"breadcrumb\":{\"@id\":\"https:\\\/\\\/www.mb-putni-portal.com\\\/en\\\/about-me\\\/#breadcrumb\"},\"inLanguage\":\"en-US\",\"potentialAction\":[{\"@type\":\"ReadAction\",\"target\":[\"https:\\\/\\\/www.mb-putni-portal.com\\\/en\\\/about-me\\\/\"]}]},{\"@type\":\"BreadcrumbList\",\"@id\":\"https:\\\/\\\/www.mb-putni-portal.com\\\/en\\\/about-me\\\/#breadcrumb\",\"itemListElement\":[{\"@type\":\"ListItem\",\"position\":1,\"name\":\"Startseite\",\"item\":\"https:\\\/\\\/www.mb-putni-portal.com\\\/en\\\/\"},{\"@type\":\"ListItem\",\"position\":2,\"name\":\"About me\"}]},{\"@type\":\"WebSite\",\"@id\":\"https:\\\/\\\/www.mb-putni-portal.com\\\/en\\\/#website\",\"url\":\"https:\\\/\\\/www.mb-putni-portal.com\\\/en\\\/\",\"name\":\"MB Putni Portal\",\"description\":\"\",\"potentialAction\":[{\"@type\":\"SearchAction\",\"target\":{\"@type\":\"EntryPoint\",\"urlTemplate\":\"https:\\\/\\\/www.mb-putni-portal.com\\\/en\\\/?s={search_term_string}\"},\"query-input\":{\"@type\":\"PropertyValueSpecification\",\"valueRequired\":true,\"valueName\":\"search_term_string\"}}],\"inLanguage\":\"en-US\"}]}<\/script>\n<!-- \/ Yoast SEO plugin. -->","yoast_head_json":{"title":"About me - MB Putni Portal","description":"Learn more about me, my values and my passion for organizing pilgrimages. Get to know my platform and qualifications for your journey","robots":{"index":"index","follow":"follow","max-snippet":"max-snippet:-1","max-image-preview":"max-image-preview:large","max-video-preview":"max-video-preview:-1"},"canonical":"https:\/\/www.mb-putni-portal.com\/en\/about-me\/","og_locale":"en_US","og_type":"article","og_title":"About me - MB Putni Portal","og_description":"Learn more about me, my values and my passion for organizing pilgrimages. Get to know my platform and qualifications for your journey","og_url":"https:\/\/www.mb-putni-portal.com\/en\/about-me\/","og_site_name":"MB Putni Portal","article_modified_time":"2025-07-24T14:26:53+00:00","twitter_card":"summary_large_image","twitter_misc":{"Est. reading time":"3 minutes"},"schema":{"@context":"https:\/\/schema.org","@graph":[{"@type":"WebPage","@id":"https:\/\/www.mb-putni-portal.com\/en\/about-me\/","url":"https:\/\/www.mb-putni-portal.com\/en\/about-me\/","name":"About me - MB Putni Portal","isPartOf":{"@id":"https:\/\/www.mb-putni-portal.com\/en\/#website"},"datePublished":"2024-11-11T13:58:20+00:00","dateModified":"2025-07-24T14:26:53+00:00","description":"Learn more about me, my values and my passion for organizing pilgrimages. Get to know my platform and qualifications for your journey","breadcrumb":{"@id":"https:\/\/www.mb-putni-portal.com\/en\/about-me\/#breadcrumb"},"inLanguage":"en-US","potentialAction":[{"@type":"ReadAction","target":["https:\/\/www.mb-putni-portal.com\/en\/about-me\/"]}]},{"@type":"BreadcrumbList","@id":"https:\/\/www.mb-putni-portal.com\/en\/about-me\/#breadcrumb","itemListElement":[{"@type":"ListItem","position":1,"name":"Startseite","item":"https:\/\/www.mb-putni-portal.com\/en\/"},{"@type":"ListItem","position":2,"name":"About me"}]},{"@type":"WebSite","@id":"https:\/\/www.mb-putni-portal.com\/en\/#website","url":"https:\/\/www.mb-putni-portal.com\/en\/","name":"MB Putni Portal","description":"","potentialAction":[{"@type":"SearchAction","target":{"@type":"EntryPoint","urlTemplate":"https:\/\/www.mb-putni-portal.com\/en\/?s={search_term_string}"},"query-input":{"@type":"PropertyValueSpecification","valueRequired":true,"valueName":"search_term_string"}}],"inLanguage":"en-US"}]}},"_links":{"self":[{"href":"https:\/\/www.mb-putni-portal.com\/en\/wp-json\/wp\/v2\/pages\/4816","targetHints":{"allow":["GET"]}}],"collection":[{"href":"https:\/\/www.mb-putni-portal.com\/en\/wp-json\/wp\/v2\/pages"}],"about":[{"href":"https:\/\/www.mb-putni-portal.com\/en\/wp-json\/wp\/v2\/types\/page"}],"author":[{"embeddable":true,"href":"https:\/\/www.mb-putni-portal.com\/en\/wp-json\/wp\/v2\/users\/3"}],"replies":[{"embeddable":true,"href":"https:\/\/www.mb-putni-portal.com\/en\/wp-json\/wp\/v2\/comments?post=4816"}],"version-history":[{"count":0,"href":"https:\/\/www.mb-putni-portal.com\/en\/wp-json\/wp\/v2\/pages\/4816\/revisions"}],"wp:attachment":[{"href":"https:\/\/www.mb-putni-portal.com\/en\/wp-json\/wp\/v2\/media?parent=4816"}],"curies":[{"name":"wp","href":"https:\/\/api.w.org\/{rel}","templated":true}]}}