{"id":4737,"date":"2022-07-25T19:46:54","date_gmt":"2022-07-25T17:46:54","guid":{"rendered":"https:\/\/www.mb-putni-portal.com\/?page_id=4737"},"modified":"2025-07-30T14:28:55","modified_gmt":"2025-07-30T12:28:55","slug":"umrah-pilgrimages","status":"publish","type":"page","link":"https:\/\/www.mb-putni-portal.com\/en\/umrah-pilgrimages\/","title":{"rendered":"Umrah Pilgrimages"},"content":{"rendered":"<p><div class=\"fusion-fullwidth fullwidth-box fusion-builder-row-1 fusion-flex-container has-pattern-background has-mask-background nonhundred-percent-fullwidth non-hundred-percent-height-scrolling\" style=\"--awb-border-radius-top-left:0px;--awb-border-radius-top-right:0px;--awb-border-radius-bottom-right:0px;--awb-border-radius-bottom-left:0px;--awb-margin-top:10px;--awb-margin-bottom:50px;--awb-flex-wrap:wrap;\" ><div class=\"fusion-builder-row fusion-row fusion-flex-align-items-flex-start fusion-flex-content-wrap\" style=\"max-width:1414.4px;margin-left: calc(-4% \/ 2 );margin-right: calc(-4% \/ 2 );\"><div class=\"fusion-layout-column fusion_builder_column fusion-builder-column-0 fusion_builder_column_1_1 1_1 fusion-flex-column\" style=\"--awb-bg-size:cover;--awb-width-large:100%;--awb-margin-top-large:0px;--awb-spacing-right-large:1.92%;--awb-margin-bottom-large:0px;--awb-spacing-left-large:1.92%;--awb-width-medium:100%;--awb-order-medium:0;--awb-spacing-right-medium:1.92%;--awb-margin-bottom-medium:60px;--awb-spacing-left-medium:1.92%;--awb-width-small:100%;--awb-order-small:0;--awb-spacing-right-small:1.92%;--awb-spacing-left-small:1.92%;\"><div class=\"fusion-column-wrapper fusion-column-has-shadow fusion-flex-justify-content-flex-start fusion-content-layout-column\"><div class=\"fusion-title title fusion-title-1 fusion-sep-none fusion-title-center fusion-title-highlight fusion-animate-once fusion-highlight-underline fusion-title-size-one\" style=\"--awb-text-color:var(--awb-color8);--awb-highlight-color:hsla(var(--awb-color5-h),calc(var(--awb-color5-s) + 100%),calc(var(--awb-color5-l) + 56%),var(--awb-color5-a));--awb-highlight-top-margin:30px;--awb-highlight-width:3;--awb-margin-top:30px;--awb-margin-top-small:10px;--awb-margin-right-small:0px;--awb-margin-bottom-small:10px;--awb-margin-left-small:0px;--awb-font-size:2.5em;\" data-highlight=\"underline\"><h1 class=\"fusion-title-heading title-heading-center\" style=\"margin:0;text-transform:none;font-size:1em;\"><span class=\"fusion-highlighted-text-prefix\"><\/span> <span class=\"fusion-highlighted-text-wrapper\"><span class=\"fusion-highlighted-text\">Our selected Umrah pilgrimages<\/span><svg xmlns=\"http:\/\/www.w3.org\/2000\/svg\" viewBox=\"0 0 500 150\" preserveAspectRatio=\"none\"><path d=\"M8.1,146.2c0,0,240.6-55.6,479-13.8\"><\/path><\/svg><\/span> <span class=\"fusion-highlighted-text-postfix\"><\/span><\/h1><\/div><\/div><\/div><\/div><\/div><div class=\"fusion-fullwidth fullwidth-box fusion-builder-row-2 fusion-flex-container nonhundred-percent-fullwidth non-hundred-percent-height-scrolling\" style=\"--awb-border-radius-top-left:0px;--awb-border-radius-top-right:0px;--awb-border-radius-bottom-right:0px;--awb-border-radius-bottom-left:0px;--awb-flex-wrap:wrap;\" ><div class=\"fusion-builder-row fusion-row fusion-flex-align-items-flex-start fusion-flex-content-wrap\" style=\"max-width:1414.4px;margin-left: calc(-4% \/ 2 );margin-right: calc(-4% \/ 2 );\"><div class=\"fusion-layout-column fusion_builder_column fusion-builder-column-1 fusion_builder_column_1_1 1_1 fusion-flex-column\" style=\"--awb-bg-size:cover;--awb-width-large:100%;--awb-margin-top-large:0px;--awb-spacing-right-large:1.92%;--awb-margin-bottom-large:0px;--awb-spacing-left-large:1.92%;--awb-width-medium:100%;--awb-order-medium:0;--awb-spacing-right-medium:1.92%;--awb-spacing-left-medium:1.92%;--awb-width-small:100%;--awb-order-small:0;--awb-margin-top-small:30px;--awb-spacing-right-small:1.92%;--awb-spacing-left-small:1.92%;\"><div class=\"fusion-column-wrapper fusion-column-has-shadow fusion-flex-justify-content-flex-start fusion-content-layout-column\"><div class=\"fusion-post-cards fusion-post-cards-1 fusion-grid-archive fusion-grid-columns-3\" style=\"--awb-dots-align:center;--awb-columns:3;--awb-active-filter-border-size:3px;--awb-filters-height:36px;--awb-columns-medium:50%;--awb-columns-small:100%;\" data-post-type-label=\"posts\"><ul class=\"fusion-grid fusion-grid-3 fusion-flex-align-items-flex-start fusion-grid-posts-cards\"><li class=\"fusion-layout-column fusion_builder_column fusion-builder-column-2 fusion-flex-column post-card fusion-grid-column fusion-post-cards-grid-column\" style=\"--awb-overflow:hidden;--awb-bg-color:#f9f9f9;--awb-bg-color-hover:#f9f9f9;--awb-bg-blend:overlay;--awb-bg-size:cover;--awb-border-color:var(--awb-color1);--awb-border-style:solid;--awb-border-radius:10px 10px 10px 10px;--awb-flex-grow:0;--awb-flex-shrink:0;--awb-flex-grow-medium:0;--awb-flex-shrink-medium:0;--awb-flex-grow-small:0;--awb-flex-shrink-small:0;\" data-scroll-devices=\"small-visibility,medium-visibility,large-visibility\"><div class=\"fusion-column-wrapper fusion-column-has-shadow fusion-flex-justify-content-flex-start fusion-content-layout-column\"><div class=\"fusion-classic-product-image-wrapper fusion-woo-product-image fusion-post-card-image fusion-post-card-image-1 fusion-no-small-visibility has-aspect-ratio\" data-layout=\"static\" style=\"--awb-margin-top:10px;--awb-margin-right:15px;--awb-margin-bottom:10px;--awb-margin-left:15px;--awb-border-radius-top-left:12px;--awb-border-radius-top-right:12px;--awb-border-radius-bottom-right:0px;--awb-border-radius-bottom-left:0px;--awb-aspect-ratio:16 \/ 9;\"><div  class=\"fusion-image-wrapper\" aria-haspopup=\"true\">\n\t\t\t\t<img decoding=\"async\" width=\"600\" height=\"276\" src=\"https:\/\/www.mb-putni-portal.com\/wp-content\/uploads\/2024\/10\/logo-itzshak-azmetvic.jpg\" class=\"attachment-full size-full lazyload wp-post-image\" alt=\"Logo Ishak Ahmetovi\u0107\" srcset=\"data:image\/svg+xml,%3Csvg%20xmlns%3D%27http%3A%2F%2Fwww.w3.org%2F2000%2Fsvg%27%20width%3D%27600%27%20height%3D%27276%27%20viewBox%3D%270%200%20600%20276%27%3E%3Crect%20width%3D%27600%27%20height%3D%27276%27%20fill-opacity%3D%220%22%2F%3E%3C%2Fsvg%3E\" data-orig-src=\"https:\/\/www.mb-putni-portal.com\/wp-content\/uploads\/2024\/10\/logo-itzshak-azmetvic.jpg\" data-srcset=\"https:\/\/www.mb-putni-portal.com\/wp-content\/uploads\/2024\/10\/logo-itzshak-azmetvic-200x92.jpg 200w, https:\/\/www.mb-putni-portal.com\/wp-content\/uploads\/2024\/10\/logo-itzshak-azmetvic-400x184.jpg 400w, https:\/\/www.mb-putni-portal.com\/wp-content\/uploads\/2024\/10\/logo-itzshak-azmetvic.jpg 600w\" data-sizes=\"auto\" \/><\/div>\n<\/div><div class=\"fusion-classic-product-image-wrapper fusion-woo-product-image fusion-post-card-image fusion-post-card-image-2 fusion-no-medium-visibility fusion-no-large-visibility has-aspect-ratio\" data-layout=\"static\" style=\"--awb-margin-top:0px;--awb-margin-right:0px;--awb-margin-bottom:10px;--awb-margin-left:0px;--awb-border-radius-top-left:0px;--awb-border-radius-top-right:0px;--awb-border-radius-bottom-right:0px;--awb-border-radius-bottom-left:0px;--awb-aspect-ratio:16 \/ 9;\"><div  class=\"fusion-image-wrapper\" aria-haspopup=\"true\">\n\t\t\t\t<img decoding=\"async\" width=\"600\" height=\"276\" src=\"https:\/\/www.mb-putni-portal.com\/wp-content\/uploads\/2024\/10\/logo-itzshak-azmetvic.jpg\" class=\"attachment-full size-full lazyload wp-post-image\" alt=\"Logo Ishak Ahmetovi\u0107\" srcset=\"data:image\/svg+xml,%3Csvg%20xmlns%3D%27http%3A%2F%2Fwww.w3.org%2F2000%2Fsvg%27%20width%3D%27600%27%20height%3D%27276%27%20viewBox%3D%270%200%20600%20276%27%3E%3Crect%20width%3D%27600%27%20height%3D%27276%27%20fill-opacity%3D%220%22%2F%3E%3C%2Fsvg%3E\" data-orig-src=\"https:\/\/www.mb-putni-portal.com\/wp-content\/uploads\/2024\/10\/logo-itzshak-azmetvic.jpg\" data-srcset=\"https:\/\/www.mb-putni-portal.com\/wp-content\/uploads\/2024\/10\/logo-itzshak-azmetvic-200x92.jpg 200w, https:\/\/www.mb-putni-portal.com\/wp-content\/uploads\/2024\/10\/logo-itzshak-azmetvic-400x184.jpg 400w, https:\/\/www.mb-putni-portal.com\/wp-content\/uploads\/2024\/10\/logo-itzshak-azmetvic.jpg 600w\" data-sizes=\"auto\" \/><\/div>\n<\/div><div class=\"fusion-builder-row fusion-builder-row-inner fusion-row fusion-flex-align-items-flex-start fusion-flex-content-wrap\" style=\"--awb-flex-grow:0;--awb-flex-grow-medium:0;--awb-flex-grow-small:0;--awb-flex-shrink:0;--awb-flex-shrink-medium:0;--awb-flex-shrink-small:0;width:104% !important;max-width:104% !important;margin-left: calc(-4% \/ 2 );margin-right: calc(-4% \/ 2 );\"><div class=\"fusion-layout-column fusion_builder_column_inner fusion-builder-nested-column-0 fusion_builder_column_inner_1_1 1_1 fusion-flex-column\" style=\"--awb-padding-top:10px;--awb-padding-right:30px;--awb-padding-bottom:10px;--awb-padding-left:30px;--awb-overflow:hidden;--awb-bg-color:var(--awb-color1);--awb-bg-color-hover:var(--awb-color1);--awb-bg-size:cover;--awb-border-radius:12px 12px 0px 0px;--awb-width-large:100%;--awb-margin-top-large:-40px;--awb-spacing-right-large:22px;--awb-margin-bottom-large:0px;--awb-spacing-left-large:22px;--awb-width-medium:100%;--awb-order-medium:0;--awb-spacing-right-medium:22px;--awb-spacing-left-medium:22px;--awb-width-small:100%;--awb-order-small:0;--awb-spacing-right-small:1.92%;--awb-spacing-left-small:1.92%;\" data-scroll-devices=\"small-visibility,medium-visibility,large-visibility\"><div class=\"fusion-column-wrapper fusion-column-has-shadow fusion-flex-justify-content-flex-start fusion-content-layout-column\"><div class=\"fusion-title title fusion-title-2 fusion-sep-none fusion-title-text fusion-title-size-one\" style=\"--awb-margin-bottom:0px;--awb-margin-top-small:10px;--awb-margin-right-small:0px;--awb-margin-bottom-small:10px;--awb-margin-left-small:0px;--awb-font-size:1.2em;\"><h1 class=\"fusion-title-heading title-heading-left\" style=\"margin:0;font-size:1em;\">Next Umrah pilgrimage<\/h1><\/div><\/div><\/div><div class=\"fusion-layout-column fusion_builder_column_inner fusion-builder-nested-column-1 fusion_builder_column_inner_1_2 1_2 fusion-flex-column fusion-flex-align-self-flex-start\" style=\"--awb-padding-top:20px;--awb-bg-color:rgba(0,163,153,0.09);--awb-bg-color-hover:rgba(0,163,153,0.09);--awb-bg-size:cover;--awb-width-large:50%;--awb-margin-top-large:0px;--awb-spacing-right-large:0px;--awb-margin-bottom-large:0px;--awb-spacing-left-large:0px;--awb-width-medium:50%;--awb-order-medium:0;--awb-spacing-right-medium:0px;--awb-spacing-left-medium:0px;--awb-width-small:100%;--awb-order-small:0;--awb-spacing-right-small:1.92%;--awb-spacing-left-small:1.92%;\" data-scroll-devices=\"small-visibility,medium-visibility,large-visibility\"><div class=\"fusion-column-wrapper fusion-column-has-shadow fusion-flex-justify-content-flex-start fusion-content-layout-row\"><div  class=\"fusion-button-wrapper fusion-alignleft\"><style type=\"text\/css\" scoped=\"scoped\">.fusion-button.button-1000{width:auto;}<\/style><span class=\"fusion-button button-flat fusion-button-round button-medium button-orange button-1000\" target=\"_self\" style=\"cursor:default;\" ><span style=\"text-transform: none;\" class=\"fusion-cfield-key \"><span class=\"fusion-button-text\">Departure: <\/span> <\/span><span class=\"fusion-button-text\"><span class=\"fusion-cfield-value \">TBA<\/span><\/span><\/span><\/div><\/div><\/div><div class=\"fusion-layout-column fusion_builder_column_inner fusion-builder-nested-column-2 fusion_builder_column_inner_1_2 1_2 fusion-flex-column fusion-flex-align-self-flex-start\" style=\"--awb-padding-top:20px;--awb-bg-color:rgba(0,163,153,0.09);--awb-bg-color-hover:rgba(0,163,153,0.09);--awb-bg-size:cover;--awb-width-large:50%;--awb-margin-top-large:0px;--awb-spacing-right-large:0px;--awb-margin-bottom-large:0px;--awb-spacing-left-large:0px;--awb-width-medium:50%;--awb-order-medium:0;--awb-spacing-right-medium:0px;--awb-spacing-left-medium:0px;--awb-width-small:100%;--awb-order-small:0;--awb-spacing-right-small:1.92%;--awb-spacing-left-small:1.92%;\" data-scroll-devices=\"small-visibility,medium-visibility,large-visibility\"><div class=\"fusion-column-wrapper fusion-column-has-shadow fusion-flex-justify-content-flex-start fusion-content-layout-column\"><div  class=\"fusion-button-wrapper fusion-alignleft\"><style type=\"text\/css\" scoped=\"scoped\">.fusion-button.button-1001{width:auto;}<\/style><span class=\"fusion-button button-flat fusion-button-round button-medium button-orange button-1001\" target=\"_self\" style=\"cursor:default;\" ><span style=\"text-transform: none;\" class=\"fusion-cfield-key \"><span class=\"fusion-button-text\">Return: <\/span> <\/span><span class=\"fusion-button-text\"><span class=\"fusion-cfield-value \">TBA<\/span><\/span><\/span><\/div><\/div><\/div><div class=\"fusion-layout-column fusion_builder_column_inner fusion-builder-nested-column-3 fusion_builder_column_inner_1_1 1_1 fusion-flex-column fusion-flex-align-self-flex-start\" style=\"--awb-bg-color:rgba(0,163,153,0.09);--awb-bg-color-hover:rgba(0,163,153,0.09);--awb-bg-size:cover;--awb-width-large:100%;--awb-margin-top-large:0px;--awb-spacing-right-large:0px;--awb-margin-bottom-large:0px;--awb-spacing-left-large:0px;--awb-width-medium:100%;--awb-order-medium:0;--awb-spacing-right-medium:0px;--awb-spacing-left-medium:0px;--awb-width-small:100%;--awb-order-small:0;--awb-spacing-right-small:1.92%;--awb-spacing-left-small:1.92%;\" data-scroll-devices=\"small-visibility,medium-visibility,large-visibility\"><div class=\"fusion-column-wrapper fusion-column-has-shadow fusion-flex-justify-content-flex-start fusion-content-layout-column\"><div  class=\"fusion-button-wrapper fusion-alignleft\"><style type=\"text\/css\" scoped=\"scoped\">.fusion-button.button-1002{width:auto;}<\/style><span class=\"fusion-button button-flat fusion-button-round button-medium button-orange button-1002\" target=\"_self\" style=\"cursor:default;\" ><span style=\"text-transform: none;\" class=\"fusion-cfield-key \"><span class=\"fusion-button-text\">Organizer: <\/span> <\/span><span class=\"fusion-button-text\"><span class=\"fusion-cfield-value \">TBD<\/span><\/span><\/span><\/div><div  class=\"fusion-button-wrapper fusion-alignleft\"><style type=\"text\/css\" scoped=\"scoped\">.fusion-button.button-1003{width:auto;}<\/style><span class=\"fusion-button button-flat fusion-button-round button-medium button-orange button-1003\" target=\"_self\" style=\"cursor:default;\" ><span style=\"text-transform: none;\" class=\"fusion-cfield-key \"><span class=\"fusion-button-text\">Guide: <\/span> <\/span><span class=\"fusion-button-text\"><span class=\"fusion-cfield-value \">TBD<\/span><\/span><\/span><\/div><div  class=\"fusion-button-wrapper fusion-alignleft\"><style type=\"text\/css\" scoped=\"scoped\">.fusion-button.button-1004{width:auto;}<\/style><span class=\"fusion-button button-flat fusion-button-round button-medium button-orange button-1004\" target=\"_self\" style=\"cursor:default;\" ><span style=\"text-transform: none;\" class=\"fusion-cfield-key \"><span class=\"fusion-button-text\">Price (p.p.): <\/span> <\/span><span class=\"fusion-button-text\"><span class=\"fusion-cfield-value \">TBC<\/span><\/span><\/span><\/div><\/div><\/div><div class=\"fusion-layout-column fusion_builder_column_inner fusion-builder-nested-column-4 fusion_builder_column_inner_1_1 1_1 fusion-flex-column\" style=\"--awb-overflow:hidden;--awb-bg-color:rgba(0,163,153,0.09);--awb-bg-color-hover:rgba(0,163,153,0.09);--awb-bg-size:cover;--awb-border-radius:0px 0px 12px 12px;--awb-width-large:100%;--awb-margin-top-large:0px;--awb-spacing-right-large:0px;--awb-margin-bottom-large:0px;--awb-spacing-left-large:0px;--awb-width-medium:100%;--awb-order-medium:0;--awb-spacing-right-medium:0px;--awb-spacing-left-medium:0px;--awb-width-small:100%;--awb-order-small:0;--awb-spacing-right-small:1.92%;--awb-spacing-left-small:1.92%;\" data-scroll-devices=\"small-visibility,medium-visibility,large-visibility\"><div class=\"fusion-column-wrapper fusion-column-has-shadow fusion-flex-justify-content-flex-start fusion-content-layout-column\"><div style=\"text-align:center;\"><a class=\"fusion-button button-flat fusion-button-default-size button-default fusion-button-default button-1 fusion-button-default-span fusion-button-default-type\" style=\"--awb-margin-top:10px;--awb-margin-bottom:25px;--awb-padding-top:10px;--awb-padding-right:30px;--awb-padding-bottom:10px;--awb-padding-left:30px;--button_text_transform:var(--awb-typography3-text-transform);--button_font_size:var(--awb-typography3-font-size);--button_line_height:var(--awb-typography3-line-height);--button_typography-letter-spacing:var(--awb-typography3-letter-spacing);--button_typography-font-family:var(--awb-typography3-font-family);--button_typography-font-weight:var(--awb-typography3-font-weight);--button_typography-font-style:var(--awb-typography3-font-style);\" target=\"_self\" title=\"Daha fazla bilgi i\u00e7in buray\u0131 t\u0131klay\u0131n\" aria-label=\"Daha fazla bilgi i\u00e7in buray\u0131 t\u0131klay\u0131n\" href=\"https:\/\/www.mb-putni-portal.com\/en\/next-umrah-pilgrimage\/\"><span class=\"fusion-button-text awb-button__text awb-button__text--default\">Detaylar<\/span><i class=\"awb-touroperator-arrow-1 awb-button__icon awb-button__icon--default button-icon-right\" aria-hidden=\"true\"><\/i><\/a><\/div><\/div><\/div><\/div><\/div><\/li>\n<\/ul><\/div><\/div><\/div><\/div><\/div><\/p>\n","protected":false},"excerpt":{"rendered":"","protected":false},"author":3,"featured_media":0,"parent":0,"menu_order":0,"comment_status":"closed","ping_status":"closed","template":"100-width.php","meta":{"_acf_changed":false,"footnotes":""},"class_list":["post-4737","page","type-page","status-publish","hentry"],"acf":[],"_wp_desired_post_slug":null,"uacf7_form_opt":null,"yoast_head":"<!-- This site is optimized with the Yoast SEO plugin v27.4 - https:\/\/yoast.com\/product\/yoast-seo-wordpress\/ -->\n<title>Umrah Pilgrimages - MB Putni Portal<\/title>\n<meta name=\"description\" content=\"Browse all available Umrah pilgrimages in one place. Discover the trips offered by different organizers and choose your perfect trip.\" \/>\n<meta name=\"robots\" content=\"index, follow, max-snippet:-1, max-image-preview:large, max-video-preview:-1\" \/>\n<link rel=\"canonical\" href=\"https:\/\/www.mb-putni-portal.com\/en\/umrah-pilgrimages\/\" \/>\n<meta property=\"og:locale\" content=\"en_US\" \/>\n<meta property=\"og:type\" content=\"article\" \/>\n<meta property=\"og:title\" content=\"Umrah Pilgrimages - MB Putni Portal\" \/>\n<meta property=\"og:description\" content=\"Browse all available Umrah pilgrimages in one place. Discover the trips offered by different organizers and choose your perfect trip.\" \/>\n<meta property=\"og:url\" content=\"https:\/\/www.mb-putni-portal.com\/en\/umrah-pilgrimages\/\" \/>\n<meta property=\"og:site_name\" content=\"MB Putni Portal\" \/>\n<meta property=\"article:modified_time\" content=\"2025-07-30T12:28:55+00:00\" \/>\n<meta name=\"twitter:card\" content=\"summary_large_image\" \/>\n<meta name=\"twitter:label1\" content=\"Est. reading time\" \/>\n\t<meta name=\"twitter:data1\" content=\"1 minute\" \/>\n<script type=\"application\/ld+json\" class=\"yoast-schema-graph\">{\"@context\":\"https:\\\/\\\/schema.org\",\"@graph\":[{\"@type\":\"WebPage\",\"@id\":\"https:\\\/\\\/www.mb-putni-portal.com\\\/en\\\/umrah-pilgrimages\\\/\",\"url\":\"https:\\\/\\\/www.mb-putni-portal.com\\\/en\\\/umrah-pilgrimages\\\/\",\"name\":\"Umrah Pilgrimages - MB Putni Portal\",\"isPartOf\":{\"@id\":\"https:\\\/\\\/www.mb-putni-portal.com\\\/en\\\/#website\"},\"datePublished\":\"2022-07-25T17:46:54+00:00\",\"dateModified\":\"2025-07-30T12:28:55+00:00\",\"description\":\"Browse all available Umrah pilgrimages in one place. Discover the trips offered by different organizers and choose your perfect trip.\",\"breadcrumb\":{\"@id\":\"https:\\\/\\\/www.mb-putni-portal.com\\\/en\\\/umrah-pilgrimages\\\/#breadcrumb\"},\"inLanguage\":\"en-US\",\"potentialAction\":[{\"@type\":\"ReadAction\",\"target\":[\"https:\\\/\\\/www.mb-putni-portal.com\\\/en\\\/umrah-pilgrimages\\\/\"]}]},{\"@type\":\"BreadcrumbList\",\"@id\":\"https:\\\/\\\/www.mb-putni-portal.com\\\/en\\\/umrah-pilgrimages\\\/#breadcrumb\",\"itemListElement\":[{\"@type\":\"ListItem\",\"position\":1,\"name\":\"Startseite\",\"item\":\"https:\\\/\\\/www.mb-putni-portal.com\\\/en\\\/\"},{\"@type\":\"ListItem\",\"position\":2,\"name\":\"Umrah Pilgrimages\"}]},{\"@type\":\"WebSite\",\"@id\":\"https:\\\/\\\/www.mb-putni-portal.com\\\/en\\\/#website\",\"url\":\"https:\\\/\\\/www.mb-putni-portal.com\\\/en\\\/\",\"name\":\"MB Putni Portal\",\"description\":\"\",\"potentialAction\":[{\"@type\":\"SearchAction\",\"target\":{\"@type\":\"EntryPoint\",\"urlTemplate\":\"https:\\\/\\\/www.mb-putni-portal.com\\\/en\\\/?s={search_term_string}\"},\"query-input\":{\"@type\":\"PropertyValueSpecification\",\"valueRequired\":true,\"valueName\":\"search_term_string\"}}],\"inLanguage\":\"en-US\"}]}<\/script>\n<!-- \/ Yoast SEO plugin. -->","yoast_head_json":{"title":"Umrah Pilgrimages - MB Putni Portal","description":"Browse all available Umrah pilgrimages in one place. Discover the trips offered by different organizers and choose your perfect trip.","robots":{"index":"index","follow":"follow","max-snippet":"max-snippet:-1","max-image-preview":"max-image-preview:large","max-video-preview":"max-video-preview:-1"},"canonical":"https:\/\/www.mb-putni-portal.com\/en\/umrah-pilgrimages\/","og_locale":"en_US","og_type":"article","og_title":"Umrah Pilgrimages - MB Putni Portal","og_description":"Browse all available Umrah pilgrimages in one place. Discover the trips offered by different organizers and choose your perfect trip.","og_url":"https:\/\/www.mb-putni-portal.com\/en\/umrah-pilgrimages\/","og_site_name":"MB Putni Portal","article_modified_time":"2025-07-30T12:28:55+00:00","twitter_card":"summary_large_image","twitter_misc":{"Est. reading time":"1 minute"},"schema":{"@context":"https:\/\/schema.org","@graph":[{"@type":"WebPage","@id":"https:\/\/www.mb-putni-portal.com\/en\/umrah-pilgrimages\/","url":"https:\/\/www.mb-putni-portal.com\/en\/umrah-pilgrimages\/","name":"Umrah Pilgrimages - MB Putni Portal","isPartOf":{"@id":"https:\/\/www.mb-putni-portal.com\/en\/#website"},"datePublished":"2022-07-25T17:46:54+00:00","dateModified":"2025-07-30T12:28:55+00:00","description":"Browse all available Umrah pilgrimages in one place. Discover the trips offered by different organizers and choose your perfect trip.","breadcrumb":{"@id":"https:\/\/www.mb-putni-portal.com\/en\/umrah-pilgrimages\/#breadcrumb"},"inLanguage":"en-US","potentialAction":[{"@type":"ReadAction","target":["https:\/\/www.mb-putni-portal.com\/en\/umrah-pilgrimages\/"]}]},{"@type":"BreadcrumbList","@id":"https:\/\/www.mb-putni-portal.com\/en\/umrah-pilgrimages\/#breadcrumb","itemListElement":[{"@type":"ListItem","position":1,"name":"Startseite","item":"https:\/\/www.mb-putni-portal.com\/en\/"},{"@type":"ListItem","position":2,"name":"Umrah Pilgrimages"}]},{"@type":"WebSite","@id":"https:\/\/www.mb-putni-portal.com\/en\/#website","url":"https:\/\/www.mb-putni-portal.com\/en\/","name":"MB Putni Portal","description":"","potentialAction":[{"@type":"SearchAction","target":{"@type":"EntryPoint","urlTemplate":"https:\/\/www.mb-putni-portal.com\/en\/?s={search_term_string}"},"query-input":{"@type":"PropertyValueSpecification","valueRequired":true,"valueName":"search_term_string"}}],"inLanguage":"en-US"}]}},"_links":{"self":[{"href":"https:\/\/www.mb-putni-portal.com\/en\/wp-json\/wp\/v2\/pages\/4737","targetHints":{"allow":["GET"]}}],"collection":[{"href":"https:\/\/www.mb-putni-portal.com\/en\/wp-json\/wp\/v2\/pages"}],"about":[{"href":"https:\/\/www.mb-putni-portal.com\/en\/wp-json\/wp\/v2\/types\/page"}],"author":[{"embeddable":true,"href":"https:\/\/www.mb-putni-portal.com\/en\/wp-json\/wp\/v2\/users\/3"}],"replies":[{"embeddable":true,"href":"https:\/\/www.mb-putni-portal.com\/en\/wp-json\/wp\/v2\/comments?post=4737"}],"version-history":[{"count":0,"href":"https:\/\/www.mb-putni-portal.com\/en\/wp-json\/wp\/v2\/pages\/4737\/revisions"}],"wp:attachment":[{"href":"https:\/\/www.mb-putni-portal.com\/en\/wp-json\/wp\/v2\/media?parent=4737"}],"curies":[{"name":"wp","href":"https:\/\/api.w.org\/{rel}","templated":true}]}}